{"id":4749,"date":"2021-11-18T14:51:04","date_gmt":"2021-11-18T13:51:04","guid":{"rendered":"http:\/\/noveum.eu\/?page_id=4749"},"modified":"2021-12-01T17:04:51","modified_gmt":"2021-12-01T16:04:51","slug":"projektakte","status":"publish","type":"page","link":"https:\/\/noveum.eu\/?page_id=4749","title":{"rendered":"Projektakte"},"content":{"rendered":"\t\t<div data-elementor-type=\"wp-page\" data-elementor-id=\"4749\" class=\"elementor elementor-4749\" data-elementor-settings=\"[]\">\n\t\t\t\t\t\t\t<div class=\"elementor-section-wrap\">\n\t\t\t\t\t\t\t<section class=\"elementor-section elementor-top-section elementor-element elementor-element-35e06c6b rey-flexWrap elementor-section-boxed elementor-section-gap-default elementor-section-height-default elementor-section-height-default\" data-id=\"35e06c6b\" data-element_type=\"section\">\n\t\t\t\t\t\t\t<div class=\"elementor-background-overlay\"><\/div>\n\t\t\t\t\t\t\t<div class=\"elementor-container elementor-column-gap-default\">\n\t\t\t\t\t<div class=\"elementor-column elementor-col-100 elementor-top-column elementor-element elementor-element-6958d512\" data-id=\"6958d512\" data-element_type=\"column\">\n\t\t\t<div class=\"elementor-column-wrap--6958d512 elementor-widget-wrap elementor-element-populated\">\n\t\t\t\t\t\t\t\t<div class=\"elementor-element elementor-element-3068698d elementor-widget elementor-widget-heading\" data-id=\"3068698d\" data-element_type=\"widget\" data-widget_type=\"heading.default\">\n\t\t\t\t<div class=\"elementor-widget-container\">\n\t\t\t<h1 class=\"elementor-heading-title elementor-size-default\">Projektakte<\/h1>\t\t<\/div>\n\t\t\t\t<\/div>\n\t\t\t\t<div class=\"elementor-element elementor-element-325606a3 elementor-widget__width-auto elementor-widget-divider--view-line elementor-widget elementor-widget-divider\" data-id=\"325606a3\" data-element_type=\"widget\" data-widget_type=\"divider.default\">\n\t\t\t\t<div class=\"elementor-widget-container\">\n\t\t\t\t\t<div class=\"elementor-divider\">\n\t\t\t<span class=\"elementor-divider-separator\">\n\t\t\t\t\t\t<\/span>\n\t\t<\/div>\n\t\t\t\t<\/div>\n\t\t\t\t<\/div>\n\t\t\t\t<div class=\"elementor-element elementor-element-1d0241b9 elementor-widget__width-initial u-links-anim-ul elementor-widget elementor-widget-text-editor\" data-id=\"1d0241b9\" data-element_type=\"widget\" data-widget_type=\"text-editor.default\">\n\t\t\t\t<div class=\"elementor-widget-container\">\n\t\t\t\t\t\t\t<p>Weit hinten, hinter den Wortbergen, fern der L\u00e4nder Vokalien und Konsonantien leben die Blindtexte.\u00a0 Abgeschieden wohnen sie in Buchstabhausen an der K\u00fcste des Semantik, eines gro\u00dfen Sprachozeans. Ein kleines B\u00e4chlein namens Duden flie\u00dft durch ihren<\/p><p>Ort und versorgt sie mit den n\u00f6tigen Regelialien. Es ist ein paradiesmatisches Land, in dem einem gebratene Satzteile in den Mund fliegen. Nicht einmal von der allm\u00e4chtigen Interpunktion werden die Blindtexte beherrscht \u2013 ein geradezu unorthographisches Leben. Eines Tages aber beschlo\u00df eine kleine Zeile Blindtext, ihr Name war Lorem Ipsum, hinaus zu gehen in die weite Grammatik. Der gro\u00dfe Oxmox riet ihr davon ab, da es dort wimmele von b\u00f6sen Kommata, wilden Fragezeichen und hinterh\u00e4ltigen Semikoli, doch das Blindtextchen lie\u00df sich nicht beirren. Es packte seine sieben Versalien, schob sich sein Initial in den G\u00fcrtel und machte sich auf den Weg. Als es die ersten H\u00fcgel des Kursivgebirges erklommen hatte, warf es einen letzten<\/p>\t\t\t\t\t\t<\/div>\n\t\t\t\t<\/div>\n\t\t\t\t\t<\/div>\n\t\t<\/div>\n\t\t\t\t\t\t\t<\/div>\n\t\t<\/section>\n\t\t\t\t<section class=\"elementor-section elementor-top-section elementor-element elementor-element-64b3ea03 elementor-section-height-min-height elementor-section-items-top rey-section-bg--classic elementor-section-boxed elementor-section-gap-default elementor-section-height-default\" data-id=\"64b3ea03\" data-element_type=\"section\" data-settings=\"{&quot;background_background&quot;:&quot;classic&quot;}\">\n\t\t\t\t\t\t\t<div class=\"elementor-background-overlay\"><\/div>\n\t\t\t\t\t\t\t<div class=\"elementor-container elementor-column-gap-default\">\n\t\t\t\t\t<div class=\"elementor-column elementor-col-33 elementor-top-column elementor-element elementor-element-4ac73bf3 elementor-hidden-tablet elementor-hidden-mobile\" data-id=\"4ac73bf3\" data-element_type=\"column\">\n\t\t\t<div class=\"elementor-column-wrap--4ac73bf3 elementor-widget-wrap\">\n\t\t\t\t\t\t\t\t\t<\/div>\n\t\t<\/div>\n\t\t\t\t<div class=\"elementor-column elementor-col-33 elementor-top-column elementor-element elementor-element-74888b91 rey-colbg--classic\" data-id=\"74888b91\" data-element_type=\"column\" data-settings=\"{&quot;background_background&quot;:&quot;classic&quot;}\">\n\t\t\t<div class=\"elementor-column-wrap--74888b91 elementor-widget-wrap elementor-element-populated\">\n\t\t\t\t\t\t\t\t<div class=\"elementor-element elementor-element-7a5549d9 elementor-widget elementor-widget-heading\" data-id=\"7a5549d9\" data-element_type=\"widget\" data-widget_type=\"heading.default\">\n\t\t\t\t<div class=\"elementor-widget-container\">\n\t\t\t<h5 class=\"elementor-heading-title elementor-size-default\">100% ZUFRIEDENE KUNDEN<\/h5>\t\t<\/div>\n\t\t\t\t<\/div>\n\t\t\t\t<div class=\"elementor-element elementor-element-5ed472bc elementor-widget elementor-widget-heading\" data-id=\"5ed472bc\" data-element_type=\"widget\" data-widget_type=\"heading.default\">\n\t\t\t\t<div class=\"elementor-widget-container\">\n\t\t\t<h4 class=\"elementor-heading-title elementor-size-default\">\n\nLeistungsverzeichnisse \/ Datentr\u00e4ger\n<\/h4>\t\t<\/div>\n\t\t\t\t<\/div>\n\t\t\t\t\t<\/div>\n\t\t<\/div>\n\t\t\t\t<div class=\"elementor-column elementor-col-33 elementor-top-column elementor-element elementor-element-3f6a88e4\" data-id=\"3f6a88e4\" data-element_type=\"column\">\n\t\t\t<div class=\"elementor-column-wrap--3f6a88e4 elementor-widget-wrap\">\n\t\t\t\t\t\t\t\t\t<\/div>\n\t\t<\/div>\n\t\t\t\t\t\t\t<\/div>\n\t\t<\/section>\n\t\t\t\t<section class=\"elementor-section elementor-top-section elementor-element elementor-element-e2bdb8 rey-flexWrap elementor-section-boxed elementor-section-gap-default elementor-section-height-default elementor-section-height-default\" data-id=\"e2bdb8\" data-element_type=\"section\">\n\t\t\t\t\t\t<div class=\"elementor-container elementor-column-gap-default\">\n\t\t\t\t\t<div class=\"elementor-column elementor-col-100 elementor-top-column elementor-element elementor-element-6ed77be\" data-id=\"6ed77be\" data-element_type=\"column\">\n\t\t\t<div class=\"elementor-column-wrap--6ed77be elementor-widget-wrap elementor-element-populated\">\n\t\t\t\t\t\t\t\t<div class=\"elementor-element elementor-element-436045a8 elementor-widget elementor-widget-heading\" data-id=\"436045a8\" data-element_type=\"widget\" data-widget_type=\"heading.default\">\n\t\t\t\t<div class=\"elementor-widget-container\">\n\t\t\t<h1 class=\"elementor-heading-title elementor-size-default\">Warum Noveum?<\/h1>\t\t<\/div>\n\t\t\t\t<\/div>\n\t\t\t\t<div class=\"elementor-element elementor-element-5a30ecbf elementor-widget__width-auto elementor-widget-divider--view-line elementor-widget elementor-widget-divider\" data-id=\"5a30ecbf\" data-element_type=\"widget\" data-widget_type=\"divider.default\">\n\t\t\t\t<div class=\"elementor-widget-container\">\n\t\t\t\t\t<div class=\"elementor-divider\">\n\t\t\t<span class=\"elementor-divider-separator\">\n\t\t\t\t\t\t<\/span>\n\t\t<\/div>\n\t\t\t\t<\/div>\n\t\t\t\t<\/div>\n\t\t\t\t<div class=\"elementor-element elementor-element-691db861 elementor-widget__width-initial u-links-anim-ul elementor-widget elementor-widget-text-editor\" data-id=\"691db861\" data-element_type=\"widget\" data-widget_type=\"text-editor.default\">\n\t\t\t\t<div class=\"elementor-widget-container\">\n\t\t\t\t\t\t\tWeit hinten, hinter den Wortbergen, fern der L\u00e4nder Vokalien und Konsonantien leben die Blindtexte.\u00a0 Abgeschieden wohnen sie in Buchstabhausen an der K\u00fcste des Semantik, eines gro\u00dfen Sprachozeans. Ein kleines B\u00e4chlein namens Duden flie\u00dft durch ihren\n\nOrt und versorgt sie mit den n\u00f6tigen Regelialien. Es ist ein paradiesmatisches Land, in dem einem gebratene Satzteile in den Mund fliegen. Nicht einmal von der allm\u00e4chtigen Interpunktion werden die Blindtexte beherrscht \u2013 ein geradezu unorthographisches Leben. Eines Tages aber beschlo\u00df eine kleine Zeile Blindtext, ihr Name war Lorem Ipsum, hinaus zu gehen in die weite Grammatik. Der gro\u00dfe Oxmox riet ihr davon ab, da es dort wimmele von b\u00f6sen Kommata, wilden Fragezeichen und hinterh\u00e4ltigen Semikoli, doch das Blindtextchen lie\u00df sich nicht beirren. Es packte seine sieben Versalien, schob sich sein Initial in den G\u00fcrtel und machte sich auf den Weg. Als es die ersten H\u00fcgel des Kursivgebirges erklommen hatte, warf es einen letzten \t\t\t\t\t\t<\/div>\n\t\t\t\t<\/div>\n\t\t\t\t\t<\/div>\n\t\t<\/div>\n\t\t\t\t\t\t\t<\/div>\n\t\t<\/section>\n\t\t\t\t<section class=\"elementor-section elementor-top-section elementor-element elementor-element-61fcf11f elementor-section-gap-no elementor-section-content-bottom elementor-section-boxed elementor-section-height-default elementor-section-height-default\" data-id=\"61fcf11f\" data-element_type=\"section\">\n\t\t\t\t\t\t<div class=\"elementor-container elementor-column-gap-no\">\n\t\t\t\t\t<div class=\"elementor-column elementor-col-50 elementor-top-column elementor-element elementor-element-7fda4724 rey-colbg--classic\" data-id=\"7fda4724\" data-element_type=\"column\" data-settings=\"{&quot;background_background&quot;:&quot;classic&quot;}\">\n\t\t\t<div class=\"elementor-column-wrap--7fda4724 elementor-widget-wrap elementor-element-populated\">\n\t\t\t\t\t\t\t\t<div class=\"elementor-element elementor-element-797b9bc3 elementor-widget elementor-widget-heading\" data-id=\"797b9bc3\" data-element_type=\"widget\" data-widget_type=\"heading.default\">\n\t\t\t\t<div class=\"elementor-widget-container\">\n\t\t\t<h5 class=\"elementor-heading-title elementor-size-default\">DATENTR\u00c4GER, VERGLEICHEN, STAMMDATEN<\/h5>\t\t<\/div>\n\t\t\t\t<\/div>\n\t\t\t\t<div class=\"elementor-element elementor-element-5bf48de5 elementor-widget elementor-widget-heading\" data-id=\"5bf48de5\" data-element_type=\"widget\" data-widget_type=\"heading.default\">\n\t\t\t\t<div class=\"elementor-widget-container\">\n\t\t\t<h2 class=\"elementor-heading-title elementor-size-default\">Vielf\u00e4ltig in der Anwendung<\/h2>\t\t<\/div>\n\t\t\t\t<\/div>\n\t\t\t\t<div class=\"elementor-element elementor-element-4658b402 elementor-button-underline elementor-widget elementor-widget-button\" data-id=\"4658b402\" data-element_type=\"widget\" data-widget_type=\"button.default\">\n\t\t\t\t<div class=\"elementor-widget-container\">\n\t\t\t\t\t<div class=\"elementor-button-wrapper\">\n\t\t\t<a href=\"https:\/\/noveum.eu\/?page_id=609\" class=\"elementor-button-link elementor-button elementor-size-md\" role=\"button\">\n\t\t\t\t\t\t<span class=\"elementor-button-content-wrapper\">\n\t\t\t\t\t\t<span class=\"elementor-button-text\">Jetzt anfragen<\/span>\n\t\t<\/span>\n\t\t\t\t\t<\/a>\n\t\t<\/div>\n\t\t\t\t<\/div>\n\t\t\t\t<\/div>\n\t\t\t\t\t<\/div>\n\t\t<\/div>\n\t\t\t\t<div class=\"elementor-column elementor-col-50 elementor-top-column elementor-element elementor-element-72a6bd1\" data-id=\"72a6bd1\" data-element_type=\"column\">\n\t\t\t<div class=\"elementor-column-wrap--72a6bd1 elementor-widget-wrap elementor-element-populated\">\n\t\t\t\t\t\t\t\t<section class=\"elementor-section elementor-inner-section elementor-element elementor-element-12503b87 elementor-section-gap-wider elementor-section-content-top elementor-section-boxed elementor-section-height-default elementor-section-height-default\" data-id=\"12503b87\" data-element_type=\"section\">\n\t\t\t\t\t\t<div class=\"elementor-container elementor-column-gap-wider\">\n\t\t\t\t\t<div class=\"elementor-column elementor-col-100 elementor-inner-column elementor-element elementor-element-1195aecc\" data-id=\"1195aecc\" data-element_type=\"column\">\n\t\t\t<div class=\"elementor-column-wrap--1195aecc elementor-widget-wrap elementor-element-populated\">\n\t\t\t\t\t\t\t\t<div class=\"elementor-element elementor-element-68f861f7 elementor-widget elementor-widget-image\" data-id=\"68f861f7\" data-element_type=\"widget\" data-widget_type=\"image.default\">\n\t\t\t\t<div class=\"elementor-widget-container\">\n\t\t\t\t\t\t\t\t\t\t\t\t\t\t\t<img width=\"1535\" height=\"846\" src=\"https:\/\/noveum.eu\/wp-content\/uploads\/2021\/11\/147770-220211144212626885430@13071999.jpeg\" class=\"attachment-full size-full\" alt=\"\" loading=\"lazy\" srcset=\"https:\/\/noveum.eu\/wp-content\/uploads\/2021\/11\/147770-220211144212626885430@13071999.jpeg 1535w, https:\/\/noveum.eu\/wp-content\/uploads\/2021\/11\/147770-220211144212626885430@13071999-300x165.jpeg 300w, https:\/\/noveum.eu\/wp-content\/uploads\/2021\/11\/147770-220211144212626885430@13071999-1024x564.jpeg 1024w, https:\/\/noveum.eu\/wp-content\/uploads\/2021\/11\/147770-220211144212626885430@13071999-768x423.jpeg 768w, https:\/\/noveum.eu\/wp-content\/uploads\/2021\/11\/147770-220211144212626885430@13071999-1000x551.jpeg 1000w\" sizes=\"(max-width: 1535px) 100vw, 1535px\" \/>\t\t\t\t\t\t\t\t\t\t\t\t\t\t\t<\/div>\n\t\t\t\t<\/div>\n\t\t\t\t\t<\/div>\n\t\t<\/div>\n\t\t\t\t\t\t\t<\/div>\n\t\t<\/section>\n\t\t\t\t\t<\/div>\n\t\t<\/div>\n\t\t\t\t\t\t\t<\/div>\n\t\t<\/section>\n\t\t\t\t\t\t<\/div>\n\t\t\t\t\t<\/div>\n\t\t","protected":false},"excerpt":{"rendered":"<p>Projektakte Weit hinten, hinter den Wortbergen, fern der L\u00e4nder Vokalien und Konsonantien leben die Blindtexte.\u00a0 Abgeschieden wohnen sie in Buchstabhausen an der K\u00fcste des Semantik, eines gro\u00dfen Sprachozeans. Ein kleines B\u00e4chlein namens Duden flie\u00dft durch ihren Ort und versorgt sie mit den n\u00f6tigen Regelialien. Es ist ein paradiesmatisches Land, in dem einem gebratene Satzteile in [&hellip;]<\/p>\n","protected":false},"author":1,"featured_media":0,"parent":0,"menu_order":0,"comment_status":"closed","ping_status":"closed","template":"template-builder.php","meta":[],"acf":[],"_links":{"self":[{"href":"https:\/\/noveum.eu\/index.php?rest_route=\/wp\/v2\/pages\/4749"}],"collection":[{"href":"https:\/\/noveum.eu\/index.php?rest_route=\/wp\/v2\/pages"}],"about":[{"href":"https:\/\/noveum.eu\/index.php?rest_route=\/wp\/v2\/types\/page"}],"author":[{"embeddable":true,"href":"https:\/\/noveum.eu\/index.php?rest_route=\/wp\/v2\/users\/1"}],"replies":[{"embeddable":true,"href":"https:\/\/noveum.eu\/index.php?rest_route=%2Fwp%2Fv2%2Fcomments&post=4749"}],"version-history":[{"count":5,"href":"https:\/\/noveum.eu\/index.php?rest_route=\/wp\/v2\/pages\/4749\/revisions"}],"predecessor-version":[{"id":4948,"href":"https:\/\/noveum.eu\/index.php?rest_route=\/wp\/v2\/pages\/4749\/revisions\/4948"}],"wp:attachment":[{"href":"https:\/\/noveum.eu\/index.php?rest_route=%2Fwp%2Fv2%2Fmedia&parent=4749"}],"curies":[{"name":"wp","href":"https:\/\/api.w.org\/{rel}","templated":true}]}}